{"id":9,"date":"2018-11-30T16:11:22","date_gmt":"2018-11-30T15:11:22","guid":{"rendered":"https:\/\/www.bokforingstjanst.eu\/?page_id=9"},"modified":"2019-10-21T18:15:50","modified_gmt":"2019-10-21T16:15:50","slug":"om-oss","status":"publish","type":"page","link":"https:\/\/www.bokforingstjanst.eu\/?page_id=9","title":{"rendered":"Om oss"},"content":{"rendered":"<h2>V\u00e5ra ledord<\/h2>\n<p>Varje kund ska k\u00e4nna sig sedd hos oss, stor som liten. Den stora passion vi alla p\u00e5 bokf\u00f6ringstj\u00e4nst k\u00e4nner f\u00f6r v\u00e5rt yrke inneb\u00e4r att vi g\u00f6r allt med hj\u00e4rtat, b\u00e5de professionellt och i relationerna till v\u00e5ra kunder.<\/p>\n<p>Att arbetet blir gjort i tid och p\u00e5 r\u00e4tt s\u00e4tt skapar trygghet och f\u00f6rtroende. Med v\u00e5rt engagemang finns vi d\u00e4r f\u00f6r v\u00e5ra kunder h\u00e4r och nu. Det \u00e4r den kvalit\u00e9 du f\u00e5r hos oss.<\/p>\n<h2>Lite historia<\/h2>\n<p>V\u00e5r byr\u00e5 slog upp d\u00f6rrarna 2:a januari 2000, jag hade jobbat som anst\u00e4lld i flera \u00e5r men k\u00e4nde att det var dags f\u00f6r en f\u00f6r\u00e4ndring. M\u00f6jligheten uppenbarade sig och det sj\u00e4lvklara valet var att starta eget f\u00f6retag.<\/p>\n<p>Tillsammans med v\u00e5ra duktiga redovisningskonsulter jobbar vi med att hj\u00e4lpa v\u00e5ra kunder att ta fram de b\u00e4sta beslutsunderlag f\u00f6r att driva just ditt f\u00f6retag fram\u00e5t. Till oss kan du v\u00e4nda dig oavsett om du har ett litet enmansf\u00f6retag eller ett vanligt aktiebolag. Vi hj\u00e4lper dig i stort och sm\u00e5tt med det vad g\u00e4ller din bokf\u00f6ring, administration, redovisning och ekonomistyrning.<\/p>\n<p>V\u00e5r verksamhet bygger p\u00e5 erfarenhet och kvalitet vilket g\u00f6r att vi inte bara kan ge dig l\u00f6sningar som \u00e4r bra och effektiva utan \u00e4ven det viktigaste av allt, korrekta. Vi f\u00f6ljer dig hela v\u00e4gen och anpassar redovisningen efter dina \u00f6nskem\u00e5l och krav.<\/p>\n","protected":false},"excerpt":{"rendered":"<p>V\u00e5ra ledord Varje kund ska k\u00e4nna sig sedd hos oss, stor som liten. Den stora passion vi alla p\u00e5 bokf\u00f6ringstj\u00e4nst k\u00e4nner f\u00f6r v\u00e5rt yrke inneb\u00e4r att vi g\u00f6r allt med hj\u00e4rtat, b\u00e5de professionellt och i relationerna till v\u00e5ra kunder. Att arbetet blir gjort i tid och p\u00e5 r\u00e4tt s\u00e4tt skapar trygghet och f\u00f6rtroende. Med v\u00e5rt [&hellip;]<\/p>\n","protected":false},"author":3,"featured_media":37,"parent":0,"menu_order":0,"comment_status":"closed","ping_status":"closed","template":"","meta":{"footnotes":""},"class_list":["post-9","page","type-page","status-publish","has-post-thumbnail","hentry"],"_links":{"self":[{"href":"https:\/\/www.bokforingstjanst.eu\/index.php?rest_route=\/wp\/v2\/pages\/9","targetHints":{"allow":["GET"]}}],"collection":[{"href":"https:\/\/www.bokforingstjanst.eu\/index.php?rest_route=\/wp\/v2\/pages"}],"about":[{"href":"https:\/\/www.bokforingstjanst.eu\/index.php?rest_route=\/wp\/v2\/types\/page"}],"author":[{"embeddable":true,"href":"https:\/\/www.bokforingstjanst.eu\/index.php?rest_route=\/wp\/v2\/users\/3"}],"replies":[{"embeddable":true,"href":"https:\/\/www.bokforingstjanst.eu\/index.php?rest_route=%2Fwp%2Fv2%2Fcomments&post=9"}],"version-history":[{"count":5,"href":"https:\/\/www.bokforingstjanst.eu\/index.php?rest_route=\/wp\/v2\/pages\/9\/revisions"}],"predecessor-version":[{"id":99,"href":"https:\/\/www.bokforingstjanst.eu\/index.php?rest_route=\/wp\/v2\/pages\/9\/revisions\/99"}],"wp:featuredmedia":[{"embeddable":true,"href":"https:\/\/www.bokforingstjanst.eu\/index.php?rest_route=\/wp\/v2\/media\/37"}],"wp:attachment":[{"href":"https:\/\/www.bokforingstjanst.eu\/index.php?rest_route=%2Fwp%2Fv2%2Fmedia&parent=9"}],"curies":[{"name":"wp","href":"https:\/\/api.w.org\/{rel}","templated":true}]}}