{"id":8,"date":"2018-11-30T16:11:22","date_gmt":"2018-11-30T15:11:22","guid":{"rendered":"https:\/\/www.bokforingstjanst.eu\/?page_id=8"},"modified":"2019-08-01T16:26:44","modified_gmt":"2019-08-01T14:26:44","slug":"startsida","status":"publish","type":"page","link":"https:\/\/www.bokforingstjanst.eu\/","title":{"rendered":"Bokf\u00f6ringstj\u00e4nst en redovisningskonsult f\u00f6r dig"},"content":{"rendered":"<p><img loading=\"lazy\" decoding=\"async\" width=\"209\" height=\"48\" src=\"https:\/\/www.bokforingstjanst.eu\/wp-content\/uploads\/2018\/12\/bokforing.jpg\" alt=\"\"><\/p>\n<p>V\u00e4lkommen till Bokf\u00f6ringstj\u00e4nst<\/p>\n<p>Vi hj\u00e4lper dig med en helhetsl\u00f6sning f\u00f6r ditt f\u00f6retag.<\/p>\n","protected":false},"excerpt":{"rendered":"<p>V\u00e4lkommen till Bokf\u00f6ringstj\u00e4nst Vi hj\u00e4lper dig med en helhetsl\u00f6sning f\u00f6r ditt f\u00f6retag.<\/p>\n","protected":false},"author":3,"featured_media":38,"parent":0,"menu_order":0,"comment_status":"closed","ping_status":"closed","template":"","meta":{"footnotes":""},"class_list":["post-8","page","type-page","status-publish","has-post-thumbnail","hentry"],"_links":{"self":[{"href":"https:\/\/www.bokforingstjanst.eu\/index.php?rest_route=\/wp\/v2\/pages\/8","targetHints":{"allow":["GET"]}}],"collection":[{"href":"https:\/\/www.bokforingstjanst.eu\/index.php?rest_route=\/wp\/v2\/pages"}],"about":[{"href":"https:\/\/www.bokforingstjanst.eu\/index.php?rest_route=\/wp\/v2\/types\/page"}],"author":[{"embeddable":true,"href":"https:\/\/www.bokforingstjanst.eu\/index.php?rest_route=\/wp\/v2\/users\/3"}],"replies":[{"embeddable":true,"href":"https:\/\/www.bokforingstjanst.eu\/index.php?rest_route=%2Fwp%2Fv2%2Fcomments&post=8"}],"version-history":[{"count":9,"href":"https:\/\/www.bokforingstjanst.eu\/index.php?rest_route=\/wp\/v2\/pages\/8\/revisions"}],"predecessor-version":[{"id":87,"href":"https:\/\/www.bokforingstjanst.eu\/index.php?rest_route=\/wp\/v2\/pages\/8\/revisions\/87"}],"wp:featuredmedia":[{"embeddable":true,"href":"https:\/\/www.bokforingstjanst.eu\/index.php?rest_route=\/wp\/v2\/media\/38"}],"wp:attachment":[{"href":"https:\/\/www.bokforingstjanst.eu\/index.php?rest_route=%2Fwp%2Fv2%2Fmedia&parent=8"}],"curies":[{"name":"wp","href":"https:\/\/api.w.org\/{rel}","templated":true}]}}