{"id":12,"date":"2018-11-30T16:11:22","date_gmt":"2018-11-30T15:11:22","guid":{"rendered":"https:\/\/www.bokforingstjanst.eu\/?page_id=12"},"modified":"2019-08-01T16:40:00","modified_gmt":"2019-08-01T14:40:00","slug":"en-hemsides-sektion","status":"publish","type":"page","link":"https:\/\/www.bokforingstjanst.eu\/?page_id=12","title":{"rendered":"GDPR"},"content":{"rendered":"<p><strong>Integritetspolicy<\/strong><\/p>\n<p><strong>\u00a0<\/strong><\/p>\n<p>Bokf\u00f6ringstj\u00e4nst i \u00d6jebyn AB vet att personlig integritet \u00e4r viktig f\u00f6r kunder, leverant\u00f6rer och webbplatsbes\u00f6kare och m\u00e5let med denna policy \u00e4r att p\u00e5 ett tydligt och transparent s\u00e4tt beskriva hur Bokf\u00f6ringstj\u00e4nst i \u00d6jebyn AB samlar in, anv\u00e4nder, visar, \u00f6verf\u00f6r och lagrar dina personuppgifter s\u00e5 att du kan k\u00e4nna dig s\u00e4ker p\u00e5 att Bokf\u00f6ringstj\u00e4nst i \u00d6jebyn AB hanterar dina personuppgifter p\u00e5 ett lagligt och s\u00e4kert s\u00e4tt. Bokf\u00f6ringstj\u00e4nst i \u00d6jebyn AB utf\u00f6r all hantering i enlighet med Dataskyddsf\u00f6rordningen (2016\/679) och annan till\u00e4mplig integritetslagstiftning.<\/p>\n<p>\u00a0<\/p>\n<p><strong>Personuppgiftsansvarig<\/strong><\/p>\n<p>Bokf\u00f6ringstj\u00e4nst i \u00d6jebyn AB, org. nr 556900-2404, Yxgatan 3\u00a0943 32 \u00d6jebyn och elaine.holm@bokforingstjanst.eu (\u201dBolaget\u201d), \u00e4r personuppgiftsansvarig f\u00f6r behandlingen av dina personuppgifter och att sker i enlighet med g\u00e4llande integritetslagstiftning. Om du har n\u00e5gra fr\u00e5gor eller \u00f6nskar ytterligare information om behandlingen av dina personuppgifter kan du kontakta:<\/p>\n<p>Elaine Holm 070-316 88 18, <a href=\"mailto:elaine.holm@bokforingstjanst.eu\">elaine.holm@bokforingstjanst.eu<\/a>.<\/p>\n<p>\u00a0<\/p>\n<p><strong>Vad \u00e4r personuppgifter?<\/strong><\/p>\n<p>En personuppgift \u00e4r varje uppgift som g\u00f6r att det g\u00e5r att identifiera en levande fysisk person. Exempel p\u00e5 personuppgifter \u00e4r namn, adress och personnummer. Men \u00e4ven alla uppgifter som g\u00f6r en person identifierbar anses vara personuppgifter, det kan t.ex. r\u00f6ra sig om kundnummer, inloggningsuppgifter, bankkontonummer, telefonnummer, fastighetsbeteckningar, registreringsnummer p\u00e5 ett fordon eller foto. F\u00f6retag och andra juridiska personer anses inte vara personuppgifter, det g\u00e4ller \u00e4ven om det ing\u00e5r ett personnamn i bolagsnamnet. Uppgifter som r\u00f6r personer i ett f\u00f6retag \u00e4r personuppgifter. Detsamma g\u00e4ller uppgifter som r\u00f6r enskilda n\u00e4ringsidkare<\/p>\n<p>\u00a0<\/p>\n<p><strong>Hur Bokf\u00f6ringstj\u00e4nst i \u00d6jebyn AB samlar in uppgifter om dig<\/strong><\/p>\n<p>Vissa uppgifter anses vara s\u00e4rskilt k\u00e4nsliga personuppgifter, hit h\u00f6r t.ex. uppgifter om h\u00e4lsa, religi\u00f6s \u00e5sk\u00e5dning eller fackf\u00f6reningstillh\u00f6righet. Denna typ av uppgifter m\u00e5ste vi kunna hantera eftersom de kan p\u00e5verka l\u00f6ner, redovisning och skatt. Vi beh\u00f6ver ocks\u00e5 hantera personnummer i vissa sammanhang f\u00f6r att s\u00e4kert kunna identifiera en viss person och f\u00f6r rapportering till bl.a. olika myndigheter och f\u00f6rs\u00e4kringsbolag m.fl. Ekonomiska f\u00f6rh\u00e5llanden d\u00e4remot anses inte vara k\u00e4nsliga uppgifter i detta sammanhang.<\/p>\n<p>\u00a0<\/p>\n<p><strong>Vilka personuppgifter som behandlas om dig<\/strong><\/p>\n<p>Beroende p\u00e5 vilka tj\u00e4nster som vi tillhandah\u00e5ller till ett kundf\u00f6retag hanteras olika personuppgifter, \u00e4ven syftet med behandlingen varierar. Vi behandlar enbart personuppgifter f\u00f6r att fullg\u00f6ra de tj\u00e4nster som vi ing\u00e5tt avtal om med v\u00e5ra kunder. D\u00e4rut\u00f6ver beh\u00f6ver vi hantera vissa personuppgifter f\u00e5r v\u00e5r utv\u00e4rdering och administration av uppdragen. Vilka personuppgifter som behandlas beror p\u00e5 vilket uppdrag vi har i det enskilda kunduppdraget, detta beskrivs n\u00e4rmare i det f\u00f6ljande.<\/p>\n<p><strong>\u00a0<\/strong><\/p>\n<p><strong>\u00a0<\/strong><\/p>\n<p><strong>L\u00f6ner, redovisning, skatter och andra ekonomitj\u00e4nster <\/strong><\/p>\n<p>N\u00e4r byr\u00e5n hj\u00e4lper till med t.ex. redovisning, l\u00f6ner, deklarationer och annan r\u00e5dgivning beh\u00f6ver personuppgifter hanteras f\u00f6r att kunna fullg\u00f6ra de tj\u00e4nster som vi \u00e5tagit oss att leverera till v\u00e5ra kundf\u00f6retag. I dessa fall \u00e4r byr\u00e5n personuppgiftsbitr\u00e4de. Detta inneb\u00e4r att ansvaret f\u00f6r hantering av personuppgifter ligger p\u00e5 kundf\u00f6retaget och byr\u00e5n ska f\u00f6lja dess instruktioner n\u00e4r uppdraget fullg\u00f6rs. Mellan kundf\u00f6retaget och byr\u00e5n har ing\u00e5tts ett personuppgiftsbitr\u00e4desavtal som reglerar respektive parts ansvar och uppgifter vad g\u00e4ller hantering av personuppgifter. Till detta avtal finns instruktioner som anger vilka hur personuppgifterna hanteras. De olika tj\u00e4nsterna inneb\u00e4r att personuppgifter hanteras f\u00f6r att kunna tillhandah\u00e5lla f\u00f6ljande tj\u00e4nster:<\/p>\n<p>\u00a0<\/p>\n<ul>\n<li>L\u00f6netj\u00e4nster: Bearbetning av tid, fr\u00e5nvaro och utl\u00e4gg m.m. f\u00f6r att framst\u00e4lla underlag f\u00f6r l\u00f6neutbetalningar och rapportering till myndigheter och f\u00f6rs\u00e4kringsbolag m.fl. samt underlag till bokf\u00f6ring.<\/li>\n<li>L\u00f6pande redovisning: Redovisningstj\u00e4nster som innefattar behandling av verifikationer och reskontror och hantering av betalningar.<\/li>\n<li>Bokslut samt \u00e5rsredovisningar: L\u00f6pande redovisning sammanst\u00e4lls i period- och \u00e5rsbokslut, budget och analyser och uppf\u00f6ljning av f\u00f6retagets ekonomiska utveckling, innefattande bransch- och konkurrentj\u00e4mf\u00f6relser.<\/li>\n<li>Skatte\u00e4renden: Uppr\u00e4tta eller kontrollera deklarationer, innefattande inkomstdeklarationer inkl. ber\u00e4kningsbilagor och inkomstdeklarationer f\u00f6r bolagets \u00e4gare och dess n\u00e4rst\u00e5ende, skattedeklarationer, arbetsgivardeklarationer och periodiska sammanst\u00e4llningar samt skatteber\u00e4kningar.<\/li>\n<li>Uppgiftsl\u00e4mnande: registrerings\u00e4renden och statistik till f\u00f6rs\u00e4kringsbolag inkl. Fora, Bolagsverket, Skatteverket, F\u00f6rs\u00e4kringskassan, Arbetsf\u00f6rmedlingen, SCB och andra myndigheter.<\/li>\n<li>Ge r\u00e5d i l\u00f6ne-, redovisnings-, skatte- och bolagsr\u00e4ttsliga fr\u00e5gor som f\u00f6ranleds av de uppdrag som byr\u00e5n \u00e5tagit sig.<\/li>\n<\/ul>\n<p>\u00a0<\/p>\n<p>De lagliga grunderna f\u00f6r att hantera personuppgifter \u00e4r f\u00f6r att fullg\u00f6ra det avtal som kundf\u00f6retaget ing\u00e5tt med byr\u00e5n. Vi hanterar ocks\u00e5 personuppgifter f\u00f6r att fullg\u00f6ra de r\u00e4ttsliga f\u00f6rpliktelser som bl.a. framg\u00e5r av redovisnings- och skattelagstiftning samt arbetsr\u00e4tt och kollektivavtal.<\/p>\n<p>\u00a0<\/p>\n<p><strong>\u00a0<\/strong><\/p>\n<p><strong>Byr\u00e5ns egen administration <\/strong><\/p>\n<p>Gemensamt f\u00f6r v\u00e5ra uppdrag \u00e4r att vi m\u00e5ste utv\u00e4rdera v\u00e5ra kundrelationer. Detta sker f\u00f6r att bl.a. identifiera eventuella intressekonflikter samt s\u00e4kerst\u00e4lla att vi kan uppfylla etiska krav p\u00e5 opartiskhet. Enligt lagen (2017:630) om \u00e5tg\u00e4rder mot penning-tv\u00e4tt och finansiering av terrorism m\u00e5ste vi g\u00f6ra en riskbed\u00f6mning av alla kunder och uppdrag. F\u00f6r dessa \u00e4ndam\u00e5l m\u00e5ste vi hantera personuppgifter om ett f\u00f6retags f\u00f6retr\u00e4dare, \u00e4gare och n\u00e4rst\u00e5ende till dessa. Vi kan ocks\u00e5 beh\u00f6va hantera personuppgifter inom ramen f\u00f6r kvalitetskontroller av utf\u00f6rt arbete samt f\u00f6r att hantera eventuella krav eller klagom\u00e5l. Hantering av personuppgifter f\u00f6r detta \u00e4ndam\u00e5l grundas p\u00e5 en r\u00e4ttslig f\u00f6rpliktelse och byr\u00e5ns ber\u00e4ttigade intresse att kunna uppfylla professionella krav.<\/p>\n<p>\u00a0<\/p>\n<p>\u00a0<\/p>\n<p>\u00a0<\/p>\n<p>D\u00e4rut\u00f6ver beh\u00f6ver vi hantera personuppgifter f\u00f6r att kunna planera och administrera uppdragen, i detta ing\u00e5r t.ex. att planera n\u00e4r och p\u00e5 vilket s\u00e4tt uppdraget ska utf\u00f6ras samt redovisa vilka uppdrag som utf\u00f6rs som grund f\u00f6r v\u00e5r dokumentation \u00f6ver utf\u00f6rt arbete och som underlag f\u00f6r fakturering och byr\u00e5ns egen redovisning m.m. Vi hanterar \u00e4ven inloggningsuppgifter n\u00e4r anv\u00e4ndare hos kundf\u00f6retag har tillg\u00e5ng till olika system och lagringsutrymmen. Personuppgifter anv\u00e4nds \u00e4ven f\u00f6r att kunna s\u00e4nda nyhetsbrev om aktuella lagstiftningsfr\u00e5gor. Grunden f\u00f6r att hantera personuppgifter \u00e4r f\u00f6r att fullg\u00f6ra det avtal som ing\u00e5tts mellan kundf\u00f6retaget och byr\u00e5n. Dokumentationskrav styrs av r\u00e4ttsliga f\u00f6rpliktelser som regleras i myndighetsf\u00f6reskrifter och professionella standarder. I \u00f6vrigt grundas byr\u00e5ns hantering av personuppgifter p\u00e5 det ber\u00e4ttigade intresset f\u00f6r att kunna fullg\u00f6ra och f\u00f6lja upp uppdragen \u00a0<\/p>\n<p>\u00a0<\/p>\n<p>\u00a0<\/p>\n<p><strong>\u00a0<\/strong><\/p>\n<p><strong>\u00a0<\/strong><\/p>\n<p><strong>\u00a0<\/strong><\/p>\n<p><strong>Vilka \u00e4ndam\u00e5l dina personuppgifter behandlas f\u00f6r<\/strong><\/p>\n<p>Behandling av dina personuppgifter sker f\u00f6r f\u00f6ljande \u00e4ndam\u00e5l:<\/p>\n<ul>\n<li>f\u00f6r att kunna tillhandah\u00e5lla, utf\u00f6ra och f\u00f6rb\u00e4ttra v\u00e5ra tj\u00e4nster till dig<\/li>\n<li>f\u00f6r att kunna fullg\u00f6ra v\u00e5ra f\u00f6rpliktelser enligt g\u00e4llande lag och f\u00f6rordningar, t.ex. g\u00e4llande redovisning, bokslut, deklarationer, l\u00f6ner och r\u00e5dgivning samt \u00f6vrigt som vi har \u00f6verenskommit om<\/li>\n<li>f\u00f6r att kunna kommunicera med dig<\/li>\n<\/ul>\n<p>\u00a0<\/p>\n<p>\u00a0<\/p>\n<p>\u00a0<\/p>\n<p><strong>Vilken r\u00e4ttslig grund behandlingen st\u00f6ds p\u00e5<\/strong><\/p>\n<p>De lagliga grunderna f\u00f6r att hantera personuppgifter \u00e4r f\u00f6r att fullg\u00f6ra det avtal som kundf\u00f6retaget ing\u00e5tt med byr\u00e5n. Vi hanterar ocks\u00e5 personuppgifter f\u00f6r att fullg\u00f6ra de r\u00e4ttsliga f\u00f6rpliktelser som bl.a. framg\u00e5r av redovisnings- och skattelagstiftning samt arbetsr\u00e4tt och kollektivavtal. Grunden f\u00f6r hantering av personuppgifter \u00e4r s\u00e5ledes r\u00e4ttslig f\u00f6rpliktelse och avtal.<\/p>\n<p><strong>\u00a0<\/strong><\/p>\n<p><strong>Vilka som kan komma att f\u00e5 tillg\u00e5ng till dina personuppgifter<\/strong><\/p>\n<p>Bolagets utg\u00e5ngspunkt \u00e4r att inte l\u00e4mna ut dina personuppgifter till tredje part. I vissa situationer kommer det dock vara n\u00f6dv\u00e4ndigt, bl.a. kan de komma att l\u00e4mnas ut till de leverant\u00f6rer som Bolaget samarbetar med f\u00f6r att de ska kunna utf\u00f6ra de tj\u00e4nster som Bokf\u00f6ringstj\u00e4nst i \u00d6jebyn AB \u00e4r beroende av f\u00f6r att kunna driva v\u00e5r verksamhet och tillhandah\u00e5lla v\u00e5ra tj\u00e4nster till dig.<\/p>\n<ul>\n<li>Leverant\u00f6rer, b\u00e5de inom och utanf\u00f6r EU\/EES, som t ex tillhandah\u00e5ller IT-tj\u00e4nster, program-varor och andra tj\u00e4nster n\u00e4r det \u00e4r n\u00f6dv\u00e4ndigt f\u00f6r de tj\u00e4nster som vi beskrivit ovan.<\/li>\n<li>Leverant\u00f6rer f\u00f6r byr\u00e5ns egen administration av uppdragen, t.ex. redovisning, tid- och utl\u00e4ggshantering, fakturahantering, eventuella krav och kreditupplysningar f\u00f6r byr\u00e5ns r\u00e4kning.<\/li>\n<li>Redovisningskonsulter och andra r\u00e5dgivare och leverant\u00f6rer som kunden anlitar n\u00e4r det ing\u00e5r i byr\u00e5ns uppdrag att l\u00e4mna ut eller h\u00e4mta in information fr\u00e5n dessa.<\/li>\n<li>Banker, f\u00f6rs\u00e4kringsbolag eller myndigheter f\u00f6r att fullg\u00f6ra uppgiftsl\u00e4mnande eller tillhandah\u00e5lla tj\u00e4nster som beskrivits ovan.<\/li>\n<li>Annan som anlitas av byr\u00e5n i syfte att kontrollera eller uppr\u00e4tth\u00e5lla etiska krav, utf\u00f6ra kvalitetskontroller och hantera eventuella krav och reklamationer samt tillvarata byr\u00e5ns r\u00e4ttsliga intressen.<\/li>\n<li>Andra mottagare n\u00e4r det f\u00f6ljer av lagkrav, annan f\u00f6rfattning eller myndighetsbeslut.<\/li>\n<\/ul>\n<p>\u00a0<\/p>\n<p>Mottagare som hanterar personuppgifter f\u00f6r byr\u00e5ns r\u00e4kning ing\u00e5s ett personuppgiftsbitr\u00e4desavtal med oss i syfte att vi ska kunna s\u00e4kerst\u00e4lla att personuppgifter hanteras p\u00e5 ett korrekt och s\u00e4kert s\u00e4tt. Normalt anv\u00e4nder vi endast leverant\u00f6rer i Sverige eller inom EU\/EES-omr\u00e5det. Om vi eller v\u00e5ra leverant\u00f6rer anv\u00e4nder underleverant\u00f6rer som hanterar personuppgifter f\u00f6r v\u00e5r r\u00e4kning utanf\u00f6r EU\/EES, vidtar vi s\u00e4rskilda skydds\u00e5tg\u00e4rder, t ex tecknar avtal som inkluderar de standardiserade modellklausuler f\u00f6r data\u00f6verf\u00f6ring som antagits av EU-kommissionen och som finns tillg\u00e4ngliga p\u00e5 EU-kommissionens webbplats.<\/p>\n<p>N\u00e4r personuppgifter delas med en mottagare som \u00e4r sj\u00e4lvst\u00e4ndigt personuppgiftsansvarig, t ex en bank, ett f\u00f6rs\u00e4kringsbolag eller en myndighet, g\u00e4ller mottagarens integritetspolicy och information om personuppgiftshantering.\u00a0<\/p>\n<p>\u00a0<\/p>\n<p>\u00a0<\/p>\n<p><strong>\u00a0<\/strong><\/p>\n<p><strong>\u00a0<\/strong><\/p>\n<p><strong>\u00a0<\/strong><\/p>\n<p><strong>\u00a0<\/strong><\/p>\n<p><strong>Hur l\u00e4nge Bokf\u00f6ringstj\u00e4nst i \u00d6jebyn AB sparar dina personuppgifter<\/strong><\/p>\n<p>Personuppgifter kommer inte att lagras under l\u00e4ngre tid \u00e4n vad som \u00e4r n\u00f6dv\u00e4ndigt. Byr\u00e5n lagrar normalt personuppgifter som hanterats i olika uppdrag som byr\u00e5n tillhandah\u00e5ller i upp till 10 \u00e5r efter utg\u00e5ngen av det r\u00e4kenskaps\u00e5r n\u00e4r vi behandlat dem. Grunden f\u00f6r lagring \u00e4r de r\u00e4ttsliga och professionella standarder som vi arbetar efter. Personuppgifter i byr\u00e5ns egen redovisning lagras till utg\u00e5ngen av det kalender\u00e5r som intr\u00e4ffar sju \u00e5r efter utg\u00e5ngen av bolagets r\u00e4kenskaps\u00e5r, vilket \u00e4r enligt bokf\u00f6ringslagens regler.<\/p>\n<p>Efter lagringstiden gallras uppgifterna bort eller anonymiseras. Personuppgifter lagras ocks\u00e5 i byr\u00e5ns system f\u00f6r s\u00e4kerhetskopiering (Back-up). S\u00e4kerhetskopior kan innefatta uppgifter som gallrats bort eller anonymiserats, i de undantagsfall n\u00e4r \u00e5terst\u00e4llning av filer sker fr\u00e5n en s\u00e4kerhetskopia kommer radering eller anonymisering att ske av de \u00e5terst\u00e4llda filerna som tidigare gallrats bort eller anonymiserats.<\/p>\n<p>\u00a0<\/p>\n<p><strong>Dina r\u00e4ttigheter<\/strong><\/p>\n<p>Enligt Dataskyddsf\u00f6rordningen och svensk lag har du f\u00f6ljande r\u00e4ttigheter som du kan utkr\u00e4va av Bolaget.<\/p>\n<p>\u00a0<\/p>\n<ul>\n<li><em>Tillg\u00e5ng till dina personuppgifter <\/em>\u2013 du har r\u00e4tt att f\u00e5 en bekr\u00e4ftelse p\u00e5 om vi behandlar dina personuppgifter och ett utdrag \u00f6ver vilka uppgifter som behandlas. R\u00e4tten till utdrag av personuppgifter omfattar dock inte minnesanteckningar i form av dokumentation eller uppgifter som omfattas av sekretess.<\/li>\n<li><em>Beg\u00e4ra r\u00e4ttelse <\/em>\u2013 du har r\u00e4tt att f\u00e5 felaktiga uppgifter r\u00e4ttade. Uppgifter som ing\u00e5r i v\u00e5r uppdragsdokumentation f\u00e5r dock i flertalet fall enligt professionella regler inte \u00e4ndras i efterhand. Av detta sk\u00e4l \u00e4r det inte alltid m\u00f6jligt att tillm\u00f6tesg\u00e5 ett \u00f6nskem\u00e5l om att r\u00e4tta uppgifter.<\/li>\n<li><em>Beg\u00e4ra att raderas <\/em>\u2013 du har r\u00e4tt att under vissa omst\u00e4ndigheter f\u00e5 dina uppgifter borttagna. Uppgifter som ing\u00e5r i v\u00e5r uppdragsdokumentation m\u00e5ste dock bevaras och f\u00e5r inte raderas inom den lagringstid som angivits ovan.<\/li>\n<li><em>Inv\u00e4nda mot behandling som st\u00f6djer sig p\u00e5 v\u00e5rt ber\u00e4ttigade intresse och mot behandling f\u00f6r direktmarknadsf\u00f6ring <\/em>\u2013 du har r\u00e4tt att inv\u00e4nda mot behandlingen av dina personuppgifter eller att behandlingen begr\u00e4nsas<\/li>\n<li><em>R\u00e4tt till dataportabilitet <\/em>\u2013 du har r\u00e4tt att kr\u00e4va att personuppgifter flyttas fr\u00e5n oss till ett annat f\u00f6retag, myndighet eller organisation. Denna r\u00e4ttighet \u00e4r begr\u00e4nsad till uppgifter som du sj\u00e4lv tillhandah\u00e5llit oss och d\u00e4r den r\u00e4ttsliga grunden f\u00f6r v\u00e5r hantering \u00e4r samtycke eller avtal d\u00e4r den registrerade \u00e4r part.<\/li>\n<\/ul>\n<p>\u00a0<\/p>\n<p>Varje beg\u00e4ran om \u00e5tkomst, r\u00e4ttelse eller radering m\u00e5ste g\u00f6ras skriftligen till den kontaktadress till byr\u00e5n som anges under kontaktuppgifter p\u00e5 denna hemsida.<br \/><br \/><\/p>\n<p><strong>\u00c4ndringar i integritetspolicyn<\/strong><\/p>\n<p>Bokf\u00f6ringstj\u00e4nst i \u00d6jebyn AB h\u00e5ller denna integritetspolicy st\u00e4ndigt uppdaterad och uppdateringar i integritetspolicyn kommer att finnas tillg\u00e4nglig p\u00e5 denna webbsida. Denna integritetspolicy uppdaterades senast den 2018-05-24.<\/p>\n<p>\u00a0<\/p>\n<p>\u00a0<\/p>\n<p><strong>Klagom\u00e5l<\/strong><\/p>\n<p>Bokf\u00f6ringstj\u00e4nst i \u00d6jebyn AB str\u00e4var alltid efter att behandla dina personuppgifter p\u00e5 ett lagligt och s\u00e4kert s\u00e4tt i enlighet med g\u00e4llande lagstiftning.<br \/>Om du har fr\u00e5gor eller synpunkter g\u00e4llande v\u00e5r behandling av dina personuppgifter \u00e4r du v\u00e4lkommen att kontakta Elaine Holm 070-316 88 18 eller via e-post elaine.holm@bokforingstjanst.eu. Anser du att Bokf\u00f6ringstj\u00e4nst i \u00d6jebyn AB behandlar dina personuppgifter i strid med g\u00e4llande lagstiftning kan du l\u00e4mna in ett klagom\u00e5l till Datainspektionen.<br \/>L\u00e4s mer om hur du l\u00e4mnar klagom\u00e5l till Datainspektionen p\u00e5 www.datainspektionen.se.<\/p>\n<p>\u00a0<\/p>\n\n\n<p><\/p>\n","protected":false},"excerpt":{"rendered":"<p>Integritetspolicy \u00a0 Bokf\u00f6ringstj\u00e4nst i \u00d6jebyn AB vet att personlig integritet \u00e4r viktig f\u00f6r kunder, leverant\u00f6rer och webbplatsbes\u00f6kare och m\u00e5let med denna policy \u00e4r att p\u00e5 ett tydligt och transparent s\u00e4tt beskriva hur Bokf\u00f6ringstj\u00e4nst i \u00d6jebyn AB samlar in, anv\u00e4nder, visar, \u00f6verf\u00f6r och lagrar dina personuppgifter s\u00e5 att du kan k\u00e4nna dig s\u00e4ker p\u00e5 att Bokf\u00f6ringstj\u00e4nst [&hellip;]<\/p>\n","protected":false},"author":3,"featured_media":89,"parent":0,"menu_order":0,"comment_status":"closed","ping_status":"closed","template":"","meta":{"footnotes":""},"class_list":["post-12","page","type-page","status-publish","has-post-thumbnail","hentry"],"_links":{"self":[{"href":"https:\/\/www.bokforingstjanst.eu\/index.php?rest_route=\/wp\/v2\/pages\/12","targetHints":{"allow":["GET"]}}],"collection":[{"href":"https:\/\/www.bokforingstjanst.eu\/index.php?rest_route=\/wp\/v2\/pages"}],"about":[{"href":"https:\/\/www.bokforingstjanst.eu\/index.php?rest_route=\/wp\/v2\/types\/page"}],"author":[{"embeddable":true,"href":"https:\/\/www.bokforingstjanst.eu\/index.php?rest_route=\/wp\/v2\/users\/3"}],"replies":[{"embeddable":true,"href":"https:\/\/www.bokforingstjanst.eu\/index.php?rest_route=%2Fwp%2Fv2%2Fcomments&post=12"}],"version-history":[{"count":3,"href":"https:\/\/www.bokforingstjanst.eu\/index.php?rest_route=\/wp\/v2\/pages\/12\/revisions"}],"predecessor-version":[{"id":95,"href":"https:\/\/www.bokforingstjanst.eu\/index.php?rest_route=\/wp\/v2\/pages\/12\/revisions\/95"}],"wp:featuredmedia":[{"embeddable":true,"href":"https:\/\/www.bokforingstjanst.eu\/index.php?rest_route=\/wp\/v2\/media\/89"}],"wp:attachment":[{"href":"https:\/\/www.bokforingstjanst.eu\/index.php?rest_route=%2Fwp%2Fv2%2Fmedia&parent=12"}],"curies":[{"name":"wp","href":"https:\/\/api.w.org\/{rel}","templated":true}]}}