{"id":10,"date":"2018-11-30T16:11:22","date_gmt":"2018-11-30T15:11:22","guid":{"rendered":"https:\/\/www.bokforingstjanst.eu\/?page_id=10"},"modified":"2018-12-02T22:50:29","modified_gmt":"2018-12-02T21:50:29","slug":"kontakta-oss","status":"publish","type":"page","link":"https:\/\/www.bokforingstjanst.eu\/?page_id=10","title":{"rendered":"Kontakta oss"},"content":{"rendered":"<p>Kontakta oss g\u00e4rna f\u00f6r mer information<\/p>\n<h5>Kontakt<\/h5>\n<h4><a href=\"elaine.holm@bokforingstjanst.eu\">F\u00f6r mer information email:<\/a><\/h4>\n<h4>elaine.holm@bokforingstjanst.eu<\/h4>\n<p><a target=\"_blank\" rel=\"noopener\"><br \/>\nFacebook<br \/>\n<\/a><br \/>\n<a target=\"_blank\" rel=\"noopener\"><br \/>\nTwitter<br \/>\n<\/a><br \/>\n<a target=\"_blank\" rel=\"noopener\"><br \/>\nGoogle-plus<br \/>\n<\/a><br \/>\n<a target=\"_blank\" rel=\"noopener\"><br \/>\nInstagram<br \/>\n<\/a><br \/>\n<a target=\"_blank\" rel=\"noopener\"><br \/>\nDribbble<br \/>\n<\/a><br \/>\n<a target=\"_blank\" rel=\"noopener\"><br \/>\nYoutube<br \/>\n<\/a><br \/>\n<iframe src=\"https:\/\/maps.google.com\/maps?q=yxgatan%203&amp;t=m&amp;z=15&amp;output=embed&amp;iwloc=near\" frameborder=\"0\" marginwidth=\"0\" marginheight=\"0\" scrolling=\"no\" aria-label=\"yxgatan 3\"><\/iframe><\/p>\n","protected":false},"excerpt":{"rendered":"<p>Kontakta oss g\u00e4rna f\u00f6r mer information Kontakt F\u00f6r mer information email: elaine.holm@bokforingstjanst.eu Facebook Twitter Google-plus Instagram Dribbble Youtube<\/p>\n","protected":false},"author":3,"featured_media":66,"parent":0,"menu_order":0,"comment_status":"closed","ping_status":"closed","template":"","meta":{"footnotes":""},"class_list":["post-10","page","type-page","status-publish","has-post-thumbnail","hentry"],"_links":{"self":[{"href":"https:\/\/www.bokforingstjanst.eu\/index.php?rest_route=\/wp\/v2\/pages\/10","targetHints":{"allow":["GET"]}}],"collection":[{"href":"https:\/\/www.bokforingstjanst.eu\/index.php?rest_route=\/wp\/v2\/pages"}],"about":[{"href":"https:\/\/www.bokforingstjanst.eu\/index.php?rest_route=\/wp\/v2\/types\/page"}],"author":[{"embeddable":true,"href":"https:\/\/www.bokforingstjanst.eu\/index.php?rest_route=\/wp\/v2\/users\/3"}],"replies":[{"embeddable":true,"href":"https:\/\/www.bokforingstjanst.eu\/index.php?rest_route=%2Fwp%2Fv2%2Fcomments&post=10"}],"version-history":[{"count":4,"href":"https:\/\/www.bokforingstjanst.eu\/index.php?rest_route=\/wp\/v2\/pages\/10\/revisions"}],"predecessor-version":[{"id":68,"href":"https:\/\/www.bokforingstjanst.eu\/index.php?rest_route=\/wp\/v2\/pages\/10\/revisions\/68"}],"wp:featuredmedia":[{"embeddable":true,"href":"https:\/\/www.bokforingstjanst.eu\/index.php?rest_route=\/wp\/v2\/media\/66"}],"wp:attachment":[{"href":"https:\/\/www.bokforingstjanst.eu\/index.php?rest_route=%2Fwp%2Fv2%2Fmedia&parent=10"}],"curies":[{"name":"wp","href":"https:\/\/api.w.org\/{rel}","templated":true}]}}